{"id":2,"date":"2013-10-11T16:39:03","date_gmt":"2013-10-11T16:39:03","guid":{"rendered":"http:\/\/www.christophbahr.de\/showcase\/?page_id=2"},"modified":"2020-11-18T11:06:32","modified_gmt":"2020-11-18T10:06:32","slug":"kontakt","status":"publish","type":"page","link":"https:\/\/www.christophbahr.de\/showcase\/kontakt\/","title":{"rendered":"Kontakt \ud83d\udce7\/\u260e\ufe0f"},"content":{"rendered":"<p>&nbsp; &nbsp; &nbsp; &nbsp; &nbsp; &nbsp; &nbsp; &nbsp; &nbsp; &nbsp; &nbsp; &nbsp; &nbsp; &nbsp; &nbsp;<br><img loading=\"lazy\" decoding=\"async\" class=\"alignleft size-full wp-image-589\" src=\"https:\/\/www.christophbahr.de\/showcase\/wp-content\/uploads\/2020\/11\/51.jpg.png\" alt=\"\" width=\"225\" height=\"225\">Innere Kanalstra\u00dfe 69<span class=\"Apple-converted-space\">&nbsp;,&nbsp;<\/span>50832 K\u00f6ln<\/p>\n<p>Ines Duda &nbsp; &nbsp;+49 (0) 228 50208-2186<span class=\"Apple-converted-space\">&nbsp;<\/span><\/p>\n<p>Kerstin Erle +49 (0) 228 50208-2185<span class=\"Apple-converted-space\">&nbsp;<\/span><\/p>\n<p>Ruth H\u00f6hl &nbsp; &nbsp;+49 (0) 228 50208-2184<span class=\"Apple-converted-space\">&nbsp;<\/span><\/p>\n<p>Julia Rau &nbsp; &nbsp; &nbsp;+49 (0) 228 50208-2187<\/p>\n<p>zav-koeln-kv@arbeitsagentur.de<\/p>\n<p><img loading=\"lazy\" decoding=\"async\" class=\"wp-image-592 alignleft\" src=\"https:\/\/www.christophbahr.de\/showcase\/wp-content\/uploads\/2020\/11\/Bildschirmfoto-2020-11-04-um-15.21.17-600x600.png\" alt=\"Schauspieler Christoph Bahr 2020 Actor Schwarzwei\u00df Jeansjacke Blond lange Haare Raketenstation Neuss Sarah Clemens sc.analoguephotography\" width=\"226\" height=\"226\" srcset=\"https:\/\/www.christophbahr.de\/showcase\/wp-content\/uploads\/2020\/11\/Bildschirmfoto-2020-11-04-um-15.21.17-600x600.png 600w, https:\/\/www.christophbahr.de\/showcase\/wp-content\/uploads\/2020\/11\/Bildschirmfoto-2020-11-04-um-15.21.17.png 601w\" sizes=\"auto, (max-width: 226px) 100vw, 226px\" \/><\/p>\n<p><\/p>\n<p>mail@christophbahr.de<\/p>\n<p>+49 (0) 69 15 61 65 26<\/p>\n<p><\/p>\n<p><\/p>\n<p><\/p>\n<div class=\"page\" title=\"Page 1\">\n<div class=\"layoutArea\">\n<pre class=\"column\">&nbsp;<\/pre>\n<\/div>\n<\/div>\n<p><\/p>\n<p><\/p>\n<p><\/p>\n<p style=\"text-align: left;\"><strong>Website disclaimer<\/strong><\/p>\n<ul>\n<li><span style=\"text-align: right;\">The information contained in this website is for general information purposes only. The information is provided by me (Christoph Bahr) and while I endeavour to keep the information up to date and correct, I make no representations or warranties of any kind, express or implied, about the completeness, accuracy, reliability, suitability or availability with respect to the website or the information, products, services, or related graphics contained on the website for any purpose. Any reliance you place on such information is therefore strictly at your own risk.<\/span><\/li>\n<li><span style=\"text-align: right;\">In no event will I be liable for any loss or damage including without limitation, indirect or consequential loss or damage, or any loss or damage whatsoever arising from loss of data or profits arising out of, or in connection with, the use of this website.<\/span><\/li>\n<li><span style=\"text-align: right;\">Through this website you are able to link to other websites which are not under the control of me. I have no control over the nature, content and availability of those sites. The inclusion of any links does not necessarily imply a recommendation or endorse the views expressed within them.<\/span><\/li>\n<li><span style=\"text-align: right;\">Every effort is made to keep the website up and running smoothly. However, I take no responsibility for, and will not be liable for, the website being temporarily unavailable due to technical issues beyond my control.<\/span><\/li>\n<\/ul>\n\n\n<p><\/p>\n","protected":false},"excerpt":{"rendered":"<p>&nbsp; &nbsp; &nbsp; &nbsp; &nbsp; &nbsp; &nbsp; &nbsp; &nbsp; &nbsp; &nbsp; &nbsp; &nbsp; &nbsp; &nbsp;Innere Kanalstra\u00dfe 69&nbsp;,&nbsp;50832 K\u00f6ln Ines Duda &nbsp; &nbsp;+49 (0) 228 50208-2186&nbsp; Kerstin Erle +49 (0) 228 50208-2185&nbsp; Ruth H\u00f6hl &nbsp; &nbsp;+49 (0) 228 50208-2184&nbsp; Julia Rau &nbsp; &nbsp; &nbsp;+49 (0) 228 50208-2187 zav-koeln-kv@arbeitsagentur.de mail@christophbahr.de +49 (0) 69 15 61 65 26 [&hellip;]<\/p>\n","protected":false},"author":1,"featured_media":0,"parent":0,"menu_order":5,"comment_status":"closed","ping_status":"closed","template":"","meta":{"footnotes":""},"class_list":["post-2","page","type-page","status-publish","hentry"],"_links":{"self":[{"href":"https:\/\/www.christophbahr.de\/showcase\/wp-json\/wp\/v2\/pages\/2","targetHints":{"allow":["GET"]}}],"collection":[{"href":"https:\/\/www.christophbahr.de\/showcase\/wp-json\/wp\/v2\/pages"}],"about":[{"href":"https:\/\/www.christophbahr.de\/showcase\/wp-json\/wp\/v2\/types\/page"}],"author":[{"embeddable":true,"href":"https:\/\/www.christophbahr.de\/showcase\/wp-json\/wp\/v2\/users\/1"}],"replies":[{"embeddable":true,"href":"https:\/\/www.christophbahr.de\/showcase\/wp-json\/wp\/v2\/comments?post=2"}],"version-history":[{"count":31,"href":"https:\/\/www.christophbahr.de\/showcase\/wp-json\/wp\/v2\/pages\/2\/revisions"}],"predecessor-version":[{"id":679,"href":"https:\/\/www.christophbahr.de\/showcase\/wp-json\/wp\/v2\/pages\/2\/revisions\/679"}],"wp:attachment":[{"href":"https:\/\/www.christophbahr.de\/showcase\/wp-json\/wp\/v2\/media?parent=2"}],"curies":[{"name":"wp","href":"https:\/\/api.w.org\/{rel}","templated":true}]}}