{"id":99,"date":"2013-10-14T11:25:01","date_gmt":"2013-10-14T11:25:01","guid":{"rendered":"http:\/\/www.christophbahr.de\/showcase\/?page_id=99"},"modified":"2020-11-18T12:59:32","modified_gmt":"2020-11-18T11:59:32","slug":"aboutme","status":"publish","type":"page","link":"https:\/\/www.christophbahr.de\/showcase\/aboutme\/","title":{"rendered":"The Life and Times of Christoph H.K. Bahr"},"content":{"rendered":"<p>\ud83c\uddec\ud83c\udde7\ud83d\udd3d &nbsp; \ud83c\uddea\ud83c\uddf8\u23ec<\/p>\n<h3>&#8222;Das Gl\u00fcck ist ein official size Basketball&#8220; (Deutsch)<\/h3>\n<div style=\"width: 960px;\" class=\"wp-video\"><video class=\"wp-video-shortcode\" id=\"video-99-1\" width=\"960\" height=\"540\" preload=\"metadata\" controls=\"controls\"><source type=\"video\/mp4\" src=\"https:\/\/www.christophbahr.de\/showcase\/wp-content\/uploads\/2020\/11\/Das-Gl\u00fcck-ist-ein-official-size-Basketball.mp4?_=1\" \/><a href=\"https:\/\/www.christophbahr.de\/showcase\/wp-content\/uploads\/2020\/11\/Das-Gl\u00fcck-ist-ein-official-size-Basketball.mp4\">https:\/\/www.christophbahr.de\/showcase\/wp-content\/uploads\/2020\/11\/Das-Gl\u00fcck-ist-ein-official-size-Basketball.mp4<\/a><\/video><\/div>\n<h2>&#8222;Just me&#8220; (English)<\/h2>\n<div style=\"width: 1280px;\" class=\"wp-video\"><video class=\"wp-video-shortcode\" id=\"video-99-2\" width=\"1280\" height=\"720\" preload=\"metadata\" controls=\"controls\"><source type=\"video\/mp4\" src=\"https:\/\/www.christophbahr.de\/showcase\/wp-content\/uploads\/2020\/11\/Just-Me-.mp4?_=2\" \/><a href=\"https:\/\/www.christophbahr.de\/showcase\/wp-content\/uploads\/2020\/11\/Just-Me-.mp4\">https:\/\/www.christophbahr.de\/showcase\/wp-content\/uploads\/2020\/11\/Just-Me-.mp4<\/a><\/video><\/div>\n<h2>&#8222;Soy Canarion&#8220; (Espa\u00f1ol)<\/h2>\n<div style=\"width: 1280px;\" class=\"wp-video\"><video class=\"wp-video-shortcode\" id=\"video-99-3\" width=\"1280\" height=\"720\" preload=\"metadata\" controls=\"controls\"><source type=\"video\/mp4\" src=\"https:\/\/www.christophbahr.de\/showcase\/wp-content\/uploads\/2020\/11\/About-me-Spanisch-Espa\u00f1ol-Canarion.mp4?_=3\" \/><a href=\"https:\/\/www.christophbahr.de\/showcase\/wp-content\/uploads\/2020\/11\/About-me-Spanisch-Espa\u00f1ol-Canarion.mp4\">https:\/\/www.christophbahr.de\/showcase\/wp-content\/uploads\/2020\/11\/About-me-Spanisch-Espa\u00f1ol-Canarion.mp4<\/a><\/video><\/div>\n<h3>Deutsch<\/h3>\n<p>*1985 in Wiesbaden&nbsp;<span style=\"font-family: 'open sans', sans-serif;\">\/ aufgewachsen im Rheingau \/&nbsp;<\/span>1,91m \/ schlank \/ blond \/ blau \/ Deutsch \/ PKW \/ Englisch (fl), Spanisch (fl), Portugiesisch (g), Schwedisch (g), Italienisch (gk), Franz\u00f6sisch (gk), Finnisch (gk), Slowenisch (gk), Hessisch (Heimatdialekt), Gran Canaria (span. Dialekt) \/ E-Bass \/ Gitarre \/ Bariton \/ Aikido \/ Religion \/ Eintracht Frankfurt<\/p>\n<p><span style=\"font-family: 'open sans', sans-serif;\"><span style=\"color: #000000;\">2019 bis heute &nbsp; &nbsp; &nbsp; &nbsp; &nbsp; &nbsp; &nbsp; &nbsp; &nbsp;Freischaffender Schauspieler und Sprecher, D\u00fcsseldorf<\/span><\/span><\/p>\n<p><span style=\"font-family: 'open sans', sans-serif;\"><span style=\"color: #000000;\">2016 \u2013 2019 &nbsp; &nbsp; &nbsp; &nbsp; &nbsp; &nbsp; &nbsp; &nbsp; &nbsp; &nbsp; <\/span><span style=\"color: #000000;\">Ensemblemitglied am <\/span><span style=\"color: #000000;\">Rheinischen <\/span><span style=\"color: #000000;\">Landestheater <\/span><span style=\"color: #000000;\">Neuss<\/span><\/span><\/p>\n<p><span style=\"font-family: 'open sans', sans-serif;\">2013 \u2013 2016 &nbsp; &nbsp; &nbsp; &nbsp; &nbsp; &nbsp; &nbsp; &nbsp; &nbsp; &nbsp;&nbsp;Ensemblemitglied am Landestheater Burghofb\u00fchne Dinslaken<\/span><\/p>\n<p>2009 \u2013 2013&nbsp;&nbsp;&nbsp;&nbsp;&nbsp;&nbsp;&nbsp;&nbsp;&nbsp;&nbsp;&nbsp;&nbsp;&nbsp;&nbsp;&nbsp;&nbsp;&nbsp;&nbsp;&nbsp;&nbsp; Schauspielstudium an der HfMDK Frankfurt am Main<\/p>\n<p>2007 \u2013 2009&nbsp;&nbsp;&nbsp;&nbsp;&nbsp;&nbsp;&nbsp;&nbsp;&nbsp;&nbsp;&nbsp;&nbsp;&nbsp;&nbsp;&nbsp;&nbsp;&nbsp;&nbsp;&nbsp;&nbsp; Studium Magister \u201eAmerikanistik\u201c\/\u201cSprachen Nordeuropas und des Baltikums\u201c an der Universit\u00e4t Mainz<\/p>\n<p align=\"JUSTIFY\">2005 &#8211; 2007&nbsp;&nbsp;&nbsp;&nbsp;&nbsp;&nbsp;&nbsp;&nbsp;&nbsp;&nbsp;&nbsp;&nbsp;&nbsp;&nbsp;&nbsp;&nbsp;&nbsp;&nbsp;&nbsp;&nbsp; Studium \u201eB.A. European Studies\u201c an der Universit\u00e4t Passau<\/p>\n<p align=\"JUSTIFY\">02\/2002 &#8211; 06\/2002 &nbsp; &nbsp; &nbsp; &nbsp; Auslandsaufenthalt mit Schulbesuch in Las Palmas de Gran Canaria, Kanarische Inseln, Spanien<\/p>\n<p align=\"JUSTIFY\">1995 \u2013 2004 &nbsp; &nbsp; &nbsp; &nbsp; &nbsp; &nbsp; &nbsp; &nbsp; &nbsp; &nbsp; Rheingauschule Geisenheim, Gymnasium<\/p>\n<h3 align=\"JUSTIFY\">English<\/h3>\n<p><span style=\"font-family: 'open sans', sans-serif;\"><span style=\"color: #000000;\">*1985 Wiesbaden \/ raised in Rheingau \/ 6\u20183\u2018\u2018 \/ slim \/ blonde \/ blue \/ German \/ class B driver\u2018s license \/ fluent: English, Spanish \/ good: Portuguese, Swedish \/ basic: <\/span><span style=\"color: #000000;\">French, Finnish, Slovenian, Russian \/ dialects: Hessian (German), Gran Canaria (Spanish) \/ bass guitar \/ acoustic guitar \/ baritone \/ Physical Theatre \/ aikido \/ religion \/ Eintracht Frankfurt<\/span><\/span><\/p>\n<p><span style=\"font-family: 'open sans', sans-serif;\"><span style=\"color: #000000;\">2019 &#8211; now &nbsp; &nbsp; &nbsp; &nbsp; &nbsp; &nbsp; &nbsp; &nbsp; &nbsp; &nbsp;Freelance actor and voice actor, based in D\u00fcsseldorf<\/span><\/span><\/p>\n<p><span style=\"font-family: 'open sans', sans-serif;\"><span style=\"color: #000000;\">2019 &#8211; 2020 &nbsp; &nbsp; &nbsp; &nbsp; &nbsp; &nbsp; &nbsp; &nbsp; &nbsp; Training as Multidimensional Coach<\/span><\/span><\/p>\n<p><span style=\"font-family: 'open sans', sans-serif;\">2016 \u2013 2019 &nbsp; &nbsp; &nbsp; &nbsp; &nbsp; &nbsp; &nbsp; &nbsp; &nbsp;Contracted member of the Rheinisches Landestheater Neuss theatre ensemble<\/span><\/p>\n<p><span style=\"font-family: 'open sans', sans-serif;\">2013 \u2013 2016 &nbsp; &nbsp; &nbsp; &nbsp; &nbsp; &nbsp; &nbsp; &nbsp; &nbsp;Contracted member of the Burghofb\u00fchne Dinslaken theatre ensemble<\/span><\/p>\n<p><span style=\"font-family: 'open sans', sans-serif;\">2009 \u2013 2013 &nbsp; &nbsp; &nbsp; &nbsp; &nbsp; &nbsp; &nbsp; &nbsp; &nbsp;\u201eActing Diploma\u201c at Frankfurt University of Music and Performing Arts<\/span><\/p>\n<p><span style=\"font-family: 'open sans', sans-serif;\">2007 \u2013 2009&nbsp;&nbsp;&nbsp;&nbsp;&nbsp;&nbsp;&nbsp;&nbsp;&nbsp;&nbsp;&nbsp;&nbsp;&nbsp;&nbsp;&nbsp;&nbsp;&nbsp;&nbsp;\u201eM.A. American Studies\u201c + \u201eM.A. Northern European and Baltic Languages and Cultures\u201c at Mainz University<\/span><\/p>\n<p><span style=\"font-family: 'open sans', sans-serif;\">2005 \u2013 2007 &nbsp; &nbsp; &nbsp; &nbsp; &nbsp; &nbsp; &nbsp; &nbsp; &nbsp;\u201eB.A. European Studies\u201c at Passau University<\/span><\/p>\n<p><span style=\"font-family: 'open sans', sans-serif;\">02\/2002 \u2013 06\/2002 &nbsp; &nbsp; &nbsp;High school exchange semester in Las Palmas de Gran Canaria, Canary Isles, Spain<\/span><\/p>\n<p><span style=\"font-family: 'open sans', sans-serif;\">1995 \u2013 2004 &nbsp; &nbsp; &nbsp; &nbsp; &nbsp; &nbsp; &nbsp; &nbsp; &nbsp;Secondary school, Geisenheim<\/span><\/p>\n<h3>Espa\u00f1ol<\/h3>\n<p><span style=\"font-family: 'open sans', sans-serif;\"><span style=\"color: #000000;\">*<\/span><span style=\"color: #000000;\">1985 Wiesbaden \/ crecido en el Rheingau \/ 1,91m \/ delgado \/ rubio \/ azul \/ alem\u00e1n \/ carn\u00e9 de conducir \/ fluentemente: <\/span><span style=\"color: #000000;\">i<\/span><span style=\"color: #000000;\">ngl\u00e9s, <\/span><span style=\"color: #000000;\">c<\/span><span style=\"color: #000000;\">astellano \/&nbsp;<\/span><\/span><span style=\"font-family: 'open sans', sans-serif;\">bien: portugu\u00e9s, sueco \/ b\u00e1sico: franc\u00e9s, fin\u00e9s, esloveno, ruso \/ dialectos: de Hesse (alem\u00e1n), Canario \/ bajo el\u00e9ctrico \/ guitarra \/ bar\u00edtono \/ m\u00edmica corporal \/ aikido \/ religi\u00f3n \/ Eintracht Frankfurt \/ UD Las Palmas<\/span><\/p>\n\n\n<p><\/p>\n","protected":false},"excerpt":{"rendered":"<p>\ud83c\uddec\ud83c\udde7\ud83d\udd3d &nbsp; \ud83c\uddea\ud83c\uddf8\u23ec &#8222;Das Gl\u00fcck ist ein official size Basketball&#8220; (Deutsch) &#8222;Just me&#8220; (English) &#8222;Soy Canarion&#8220; (Espa\u00f1ol) Deutsch *1985 in Wiesbaden&nbsp;\/ aufgewachsen im Rheingau \/&nbsp;1,91m \/ schlank \/ blond \/ blau \/ Deutsch \/ PKW \/ Englisch (fl), Spanisch (fl), Portugiesisch (g), Schwedisch (g), Italienisch (gk), Franz\u00f6sisch (gk), Finnisch (gk), Slowenisch (gk), Hessisch (Heimatdialekt), Gran [&hellip;]<\/p>\n","protected":false},"author":1,"featured_media":0,"parent":0,"menu_order":0,"comment_status":"closed","ping_status":"closed","template":"","meta":{"footnotes":""},"class_list":["post-99","page","type-page","status-publish","hentry"],"_links":{"self":[{"href":"https:\/\/www.christophbahr.de\/showcase\/wp-json\/wp\/v2\/pages\/99","targetHints":{"allow":["GET"]}}],"collection":[{"href":"https:\/\/www.christophbahr.de\/showcase\/wp-json\/wp\/v2\/pages"}],"about":[{"href":"https:\/\/www.christophbahr.de\/showcase\/wp-json\/wp\/v2\/types\/page"}],"author":[{"embeddable":true,"href":"https:\/\/www.christophbahr.de\/showcase\/wp-json\/wp\/v2\/users\/1"}],"replies":[{"embeddable":true,"href":"https:\/\/www.christophbahr.de\/showcase\/wp-json\/wp\/v2\/comments?post=99"}],"version-history":[{"count":21,"href":"https:\/\/www.christophbahr.de\/showcase\/wp-json\/wp\/v2\/pages\/99\/revisions"}],"predecessor-version":[{"id":693,"href":"https:\/\/www.christophbahr.de\/showcase\/wp-json\/wp\/v2\/pages\/99\/revisions\/693"}],"wp:attachment":[{"href":"https:\/\/www.christophbahr.de\/showcase\/wp-json\/wp\/v2\/media?parent=99"}],"curies":[{"name":"wp","href":"https:\/\/api.w.org\/{rel}","templated":true}]}}